{"id":868,"date":"2025-03-14T11:48:14","date_gmt":"2025-03-14T10:48:14","guid":{"rendered":"https:\/\/accal.abako.be\/comptabilite\/"},"modified":"2025-03-20T14:51:17","modified_gmt":"2025-03-20T13:51:17","slug":"comptabilite","status":"publish","type":"page","link":"https:\/\/accal.abako.be\/fr\/comptabilite\/","title":{"rendered":"Comptabilit\u00e9"},"content":{"rendered":"\t\t<div data-elementor-type=\"wp-page\" data-elementor-id=\"868\" class=\"elementor elementor-868 elementor-531\" data-elementor-post-type=\"page\">\n\t\t\t\t<div class=\"elementor-element elementor-element-df3bd32 e-flex e-con-boxed e-con e-parent\" data-id=\"df3bd32\" data-element_type=\"container\">\n\t\t\t\t\t<div class=\"e-con-inner\">\n\t\t\t\t<div class=\"elementor-element elementor-element-78c6fcd elementor-widget elementor-widget-heading\" data-id=\"78c6fcd\" data-element_type=\"widget\" data-widget_type=\"heading.default\">\n\t\t\t\t<div class=\"elementor-widget-container\">\n\t\t\t\t\t<h1 class=\"elementor-heading-title elementor-size-default\">Comptabilit\u00e9<\/h1>\t\t\t\t<\/div>\n\t\t\t\t<\/div>\n\t\t\t\t<div class=\"elementor-element elementor-element-d2a3b4e elementor-widget elementor-widget-n-accordion\" data-id=\"d2a3b4e\" data-element_type=\"widget\" data-settings=\"{&quot;default_state&quot;:&quot;expanded&quot;,&quot;max_items_expended&quot;:&quot;one&quot;,&quot;n_accordion_animation_duration&quot;:{&quot;unit&quot;:&quot;ms&quot;,&quot;size&quot;:400,&quot;sizes&quot;:[]}}\" data-widget_type=\"nested-accordion.default\">\n\t\t\t\t<div class=\"elementor-widget-container\">\n\t\t\t\t\t\t\t<div class=\"e-n-accordion\" aria-label=\"Accordion. Open links with Enter or Space, close with Escape, and navigate with Arrow Keys\">\n\t\t\t\t\t\t<details id=\"e-n-accordion-item-2200\" class=\"e-n-accordion-item\" open>\n\t\t\t\t<summary class=\"e-n-accordion-item-title\" data-accordion-index=\"1\" tabindex=\"0\" aria-expanded=\"true\" aria-controls=\"e-n-accordion-item-2200\" >\n\t\t\t\t\t<span class='e-n-accordion-item-title-header'><div class=\"e-n-accordion-item-title-text\"> Soci\u00e9t\u00e9s de gestion <\/div><\/span>\n\t\t\t\t\t\t\t<span class='e-n-accordion-item-title-icon'>\n\t\t\t<span class='e-opened' ><i aria-hidden=\"true\" class=\"fas fa-chevron-down\"><\/i><\/span>\n\t\t\t<span class='e-closed'><i aria-hidden=\"true\" class=\"fas fa-chevron-right\"><\/i><\/span>\n\t\t<\/span>\n\n\t\t\t\t\t\t<\/summary>\n\t\t\t\t<div role=\"region\" aria-labelledby=\"e-n-accordion-item-2200\" class=\"elementor-element elementor-element-d884dae e-con-full e-flex e-con e-child\" data-id=\"d884dae\" data-element_type=\"container\">\n\t\t\t\t<div class=\"elementor-element elementor-element-f9a0f5e elementor-widget elementor-widget-text-editor\" data-id=\"f9a0f5e\" data-element_type=\"widget\" data-widget_type=\"text-editor.default\">\n\t\t\t\t<div class=\"elementor-widget-container\">\n\t\t\t\t\t\t\t\t\t<p data-start=\"0\" data-end=\"138\">La soci\u00e9t\u00e9 de gestion ou soci\u00e9t\u00e9 patrimoniale est fortement ax\u00e9e sur la fiscalit\u00e9 et repr\u00e9sente une symbiose entre la planification financi\u00e8re et la fiscalit\u00e9.<\/p><p data-start=\"140\" data-end=\"242\">Notre \u00e9quipe a des ann\u00e9es d&rsquo;exp\u00e9rience dans le d\u00e9marrage, la transformation et la liquidation de ces entreprises.<\/p><p data-start=\"244\" data-end=\"298\">Ensemble, nous r\u00e9pondons aux questions les plus courantes :<\/p><ul data-start=\"299\" data-end=\"574\"><li data-start=\"299\" data-end=\"347\">Travailler avec une entreprise est-il avantageux pour moi ?<\/li><li data-start=\"348\" data-end=\"389\">Quel type d&rsquo;entreprise dois-je cr\u00e9er ?<\/li><li data-start=\"390\" data-end=\"432\">Quelles sont les assurances n\u00e9cessaires ?<\/li><li data-start=\"433\" data-end=\"473\">Quel salaire dois-je me verser ?<\/li><li data-start=\"474\" data-end=\"524\">Que doit contenir le plan financier ?<\/li><li data-start=\"525\" data-end=\"574\">Quelles sont les d\u00e9penses qui peuvent \u00eatre prises en charge par l&rsquo;entreprise ?<\/li><\/ul><p data-start=\"576\" data-end=\"802\">Nous vous offrons la possibilit\u00e9 de g\u00e9rer votre comptabilit\u00e9 de la mani\u00e8re qui vous convient le mieux : transmission traditionnelle des informations, transmission num\u00e9rique ou saisie directe dans un environnement s\u00e9curis\u00e9 tel qu&rsquo;Exact Online, Yuki ou OkiOki.<\/p><p data-start=\"804\" data-end=\"981\">En raison du grand nombre de dossiers que nous traitons, vous aurez acc\u00e8s \u00e0 un comptable qui agira en tant que conseiller &#8211; quelqu&rsquo;un qui prendra \u00e9galement en compte votre pension et la planification de votre succession.<\/p><p data-start=\"983\" data-end=\"1060\" data-is-last-node=\"\" data-is-only-node=\"\">Dans notre cabinet, la soci\u00e9t\u00e9 de gestion est utilis\u00e9e comme un outil de planification patrimoniale.<\/p>\t\t\t\t\t\t\t\t<\/div>\n\t\t\t\t<\/div>\n\t\t\t\t<\/div>\n\t\t\t\t\t<\/details>\n\t\t\t\t\t\t<details id=\"e-n-accordion-item-2201\" class=\"e-n-accordion-item\" >\n\t\t\t\t<summary class=\"e-n-accordion-item-title\" data-accordion-index=\"2\" tabindex=\"-1\" aria-expanded=\"false\" aria-controls=\"e-n-accordion-item-2201\" >\n\t\t\t\t\t<span class='e-n-accordion-item-title-header'><div class=\"e-n-accordion-item-title-text\"> Entrepreneurs <\/div><\/span>\n\t\t\t\t\t\t\t<span class='e-n-accordion-item-title-icon'>\n\t\t\t<span class='e-opened' ><i aria-hidden=\"true\" class=\"fas fa-chevron-down\"><\/i><\/span>\n\t\t\t<span class='e-closed'><i aria-hidden=\"true\" class=\"fas fa-chevron-right\"><\/i><\/span>\n\t\t<\/span>\n\n\t\t\t\t\t\t<\/summary>\n\t\t\t\t<div role=\"region\" aria-labelledby=\"e-n-accordion-item-2201\" class=\"elementor-element elementor-element-f39f13a e-con-full e-flex e-con e-child\" data-id=\"f39f13a\" data-element_type=\"container\">\n\t\t\t\t<div class=\"elementor-element elementor-element-ce296b8 elementor-widget elementor-widget-text-editor\" data-id=\"ce296b8\" data-element_type=\"widget\" data-widget_type=\"text-editor.default\">\n\t\t\t\t<div class=\"elementor-widget-container\">\n\t\t\t\t\t\t\t\t\t<div id=\"1459943085390-41795d4c-68c7\" class=\"vc_tta-panel vc_active\" data-vc-content=\".vc_tta-panel-body\"><div class=\"vc_tta-panel-body\"><div class=\"wpb_text_column wpb_content_element \"><div class=\"wpb_wrapper\"><div id=\"1459943085390-41795d4c-68c7\" class=\"vc_tta-panel vc_active\" data-vc-content=\".vc_tta-panel-body\"><div class=\"vc_tta-panel-body\"><div class=\"wpb_text_column wpb_content_element \"><div class=\"wpb_wrapper\"><p>En tant qu&rsquo;entrepreneur, vous avez besoin pour votre entreprise d&rsquo;informations qui apportent une valeur ajout\u00e9e \u00e0 vous-m\u00eame et \u00e0 votre entreprise.<\/p><p>Quelles sont les lignes de produits rentables, les investissements n\u00e9cessaires et ceux qui en valent la peine ?<\/p><p>Une organisation efficace de la comptabilit\u00e9 vous permet d&rsquo;obtenir les informations n\u00e9cessaires au moindre co\u00fbt.<\/p><p>Nous avons de l&rsquo;exp\u00e9rience avec les logiciels de comptabilit\u00e9 suivants : Yuki, Exact Online, ODOO, Dynamics Navision, Navision 365, Quickbooks, Silvasoft, Adsolut Netsuite, Octopus et Winbooks. Gr\u00e2ce au grand nombre de syst\u00e8mes avec lesquels notre \u00e9quipe travaille, nous pouvons nous adapter rapidement aux syst\u00e8mes ERP les plus courants. <\/p><p>Nous nous occupons de l&rsquo;administration des salaires en interne ou en collaboration avec un secr\u00e9tariat social reconnu.<\/p><p>Chaque client re\u00e7oit un service sur mesure. Comptabilit\u00e9 sur votre serveur, notre serveur ou dans le nuage. Services sur votre site, dans nos bureaux ou simplement en ligne. La communication et la collaboration sont essentielles.   <\/p><\/div><\/div><\/div><\/div><\/div><\/div><\/div><\/div>\t\t\t\t\t\t\t\t<\/div>\n\t\t\t\t<\/div>\n\t\t\t\t<\/div>\n\t\t\t\t\t<\/details>\n\t\t\t\t\t\t<details id=\"e-n-accordion-item-2202\" class=\"e-n-accordion-item\" >\n\t\t\t\t<summary class=\"e-n-accordion-item-title\" data-accordion-index=\"3\" tabindex=\"-1\" aria-expanded=\"false\" aria-controls=\"e-n-accordion-item-2202\" >\n\t\t\t\t\t<span class='e-n-accordion-item-title-header'><div class=\"e-n-accordion-item-title-text\"> Pr\u00e9paration des comptes annuels <\/div><\/span>\n\t\t\t\t\t\t\t<span class='e-n-accordion-item-title-icon'>\n\t\t\t<span class='e-opened' ><i aria-hidden=\"true\" class=\"fas fa-chevron-down\"><\/i><\/span>\n\t\t\t<span class='e-closed'><i aria-hidden=\"true\" class=\"fas fa-chevron-right\"><\/i><\/span>\n\t\t<\/span>\n\n\t\t\t\t\t\t<\/summary>\n\t\t\t\t<div role=\"region\" aria-labelledby=\"e-n-accordion-item-2202\" class=\"elementor-element elementor-element-2acc1e2 e-con-full e-flex e-con e-child\" data-id=\"2acc1e2\" data-element_type=\"container\">\n\t\t\t\t<div class=\"elementor-element elementor-element-357583a elementor-widget elementor-widget-text-editor\" data-id=\"357583a\" data-element_type=\"widget\" data-widget_type=\"text-editor.default\">\n\t\t\t\t<div class=\"elementor-widget-container\">\n\t\t\t\t\t\t\t\t\t<p>Nous vous pr\u00e9sentons vos dates d&rsquo;anniversaire et les notes biographiques en fonction des conditions climatiques. Cela peut se faire \u00e0 l&rsquo;aide d&rsquo;un sch\u00e9ma pr\u00e9cis, complet ou g\u00e9n\u00e9ral. <\/p><p>Nous nous effor\u00e7ons d&rsquo;offrir un service correct, rapide et efficace pour que votre organisation puisse b\u00e9n\u00e9ficier d&rsquo;un service de qualit\u00e9.<\/p>\t\t\t\t\t\t\t\t<\/div>\n\t\t\t\t<\/div>\n\t\t\t\t<\/div>\n\t\t\t\t\t<\/details>\n\t\t\t\t\t<\/div>\n\t\t\t\t\t\t<\/div>\n\t\t\t\t<\/div>\n\t\t\t\t\t<\/div>\n\t\t\t\t<\/div>\n\t\t<div class=\"elementor-element elementor-element-bc32e82 e-grid e-con-full services e-con e-parent\" data-id=\"bc32e82\" data-element_type=\"container\">\n\t\t<a class=\"elementor-element elementor-element-5e72437 e-con-full e-flex e-con e-child\" data-id=\"5e72437\" data-element_type=\"container\" data-settings=\"{&quot;background_background&quot;:&quot;classic&quot;}\" href=\"https:\/\/accal.abako.be\/audit\/\">\n\t\t\t\t<div class=\"elementor-element elementor-element-0c25ffd elementor-widget__width-initial elementor-widget elementor-widget-heading\" data-id=\"0c25ffd\" data-element_type=\"widget\" data-widget_type=\"heading.default\">\n\t\t\t\t<div class=\"elementor-widget-container\">\n\t\t\t\t\t<h3 class=\"elementor-heading-title elementor-size-default\">Audit<\/h3>\t\t\t\t<\/div>\n\t\t\t\t<\/div>\n\t\t<div class=\"elementor-element elementor-element-71c77c4 e-con-full service-hover e-flex e-con e-child\" data-id=\"71c77c4\" data-element_type=\"container\" data-settings=\"{&quot;background_background&quot;:&quot;classic&quot;,&quot;position&quot;:&quot;absolute&quot;}\">\n\t\t\t\t<div class=\"elementor-element elementor-element-e764833 elementor-widget__width-inherit elementor-widget-tablet__width-inherit elementor-widget elementor-widget-text-editor\" data-id=\"e764833\" data-element_type=\"widget\" data-widget_type=\"text-editor.default\">\n\t\t\t\t<div class=\"elementor-widget-container\">\n\t\t\t\t\t\t\t\t\t<p>Contr\u00f4le l\u00e9gal des comptes<br>Apports en nature et quasi-apports<br>Conversions de forme juridique<br>Fusions et scissions<br>ISRS 4400<br>Liquidations<br>\u00c9valuations<br>Acquisitions<\/p>\t\t\t\t\t\t\t\t<\/div>\n\t\t\t\t<\/div>\n\t\t\t\t<div class=\"elementor-element elementor-element-28f3357 elementor-absolute elementor-view-default elementor-widget elementor-widget-icon\" data-id=\"28f3357\" data-element_type=\"widget\" data-settings=\"{&quot;_position&quot;:&quot;absolute&quot;}\" data-widget_type=\"icon.default\">\n\t\t\t\t<div class=\"elementor-widget-container\">\n\t\t\t\t\t\t\t<div class=\"elementor-icon-wrapper\">\n\t\t\t<div class=\"elementor-icon\">\n\t\t\t<svg xmlns=\"http:\/\/www.w3.org\/2000\/svg\" width=\"32.121\" height=\"32.121\" viewBox=\"0 0 32.121 32.121\"><path id=\"Icon_akar-search\" data-name=\"Icon akar-search\" d=\"M31.5,31.5l-6.729-6.741M28.5,15.75A12.75,12.75,0,1,1,15.75,3,12.75,12.75,0,0,1,28.5,15.75Z\" transform=\"translate(-1.5 -1.5)\" fill=\"none\" stroke=\"#fcffef\" stroke-linecap=\"round\" stroke-width=\"3\" opacity=\"0.995\"><\/path><\/svg>\t\t\t<\/div>\n\t\t<\/div>\n\t\t\t\t\t\t<\/div>\n\t\t\t\t<\/div>\n\t\t\t\t<\/div>\n\t\t\t\t<\/a>\n\t\t<a class=\"elementor-element elementor-element-c1ec2a1 e-con-full e-flex e-con e-child\" data-id=\"c1ec2a1\" data-element_type=\"container\" data-settings=\"{&quot;background_background&quot;:&quot;classic&quot;}\" href=\"https:\/\/accal.abako.be\/accounting\/\">\n\t\t\t\t<div class=\"elementor-element elementor-element-2d1ea38 elementor-widget__width-initial elementor-widget elementor-widget-heading\" data-id=\"2d1ea38\" data-element_type=\"widget\" data-widget_type=\"heading.default\">\n\t\t\t\t<div class=\"elementor-widget-container\">\n\t\t\t\t\t<h3 class=\"elementor-heading-title elementor-size-default\">Comptabilit\u00e9<\/h3>\t\t\t\t<\/div>\n\t\t\t\t<\/div>\n\t\t<div class=\"elementor-element elementor-element-1f19e1e e-con-full service-hover e-flex e-con e-child\" data-id=\"1f19e1e\" data-element_type=\"container\" data-settings=\"{&quot;background_background&quot;:&quot;classic&quot;,&quot;position&quot;:&quot;absolute&quot;}\">\n\t\t\t\t<div class=\"elementor-element elementor-element-c529ebe elementor-widget__width-inherit elementor-widget-tablet__width-inherit elementor-widget elementor-widget-text-editor\" data-id=\"c529ebe\" data-element_type=\"widget\" data-widget_type=\"text-editor.default\">\n\t\t\t\t<div class=\"elementor-widget-container\">\n\t\t\t\t\t\t\t\t\t<p>Soci\u00e9t\u00e9s commerciales<br>Soci\u00e9t\u00e9s de services personnels<br>Pr\u00e9paration des \u00e9tats financiers<\/p>\t\t\t\t\t\t\t\t<\/div>\n\t\t\t\t<\/div>\n\t\t\t\t<div class=\"elementor-element elementor-element-a886bce elementor-absolute elementor-view-default elementor-widget elementor-widget-icon\" data-id=\"a886bce\" data-element_type=\"widget\" data-settings=\"{&quot;_position&quot;:&quot;absolute&quot;}\" data-widget_type=\"icon.default\">\n\t\t\t\t<div class=\"elementor-widget-container\">\n\t\t\t\t\t\t\t<div class=\"elementor-icon-wrapper\">\n\t\t\t<div class=\"elementor-icon\">\n\t\t\t<svg xmlns=\"http:\/\/www.w3.org\/2000\/svg\" width=\"32.121\" height=\"32.121\" viewBox=\"0 0 32.121 32.121\"><path id=\"Icon_akar-search\" data-name=\"Icon akar-search\" d=\"M31.5,31.5l-6.729-6.741M28.5,15.75A12.75,12.75,0,1,1,15.75,3,12.75,12.75,0,0,1,28.5,15.75Z\" transform=\"translate(-1.5 -1.5)\" fill=\"none\" stroke=\"#fcffef\" stroke-linecap=\"round\" stroke-width=\"3\" opacity=\"0.995\"><\/path><\/svg>\t\t\t<\/div>\n\t\t<\/div>\n\t\t\t\t\t\t<\/div>\n\t\t\t\t<\/div>\n\t\t\t\t<\/div>\n\t\t\t\t<\/a>\n\t\t<a class=\"elementor-element elementor-element-2ca7208 e-con-full e-flex e-con e-child\" data-id=\"2ca7208\" data-element_type=\"container\" data-settings=\"{&quot;background_background&quot;:&quot;classic&quot;}\" href=\"https:\/\/accal.abako.be\/tax-advice\/\">\n\t\t\t\t<div class=\"elementor-element elementor-element-7db27ff elementor-widget__width-initial elementor-widget elementor-widget-heading\" data-id=\"7db27ff\" data-element_type=\"widget\" data-widget_type=\"heading.default\">\n\t\t\t\t<div class=\"elementor-widget-container\">\n\t\t\t\t\t<h3 class=\"elementor-heading-title elementor-size-default\">Conseils fiscaux<\/h3>\t\t\t\t<\/div>\n\t\t\t\t<\/div>\n\t\t<div class=\"elementor-element elementor-element-bdd421d e-con-full service-hover e-flex e-con e-child\" data-id=\"bdd421d\" data-element_type=\"container\" data-settings=\"{&quot;background_background&quot;:&quot;classic&quot;,&quot;position&quot;:&quot;absolute&quot;}\">\n\t\t\t\t<div class=\"elementor-element elementor-element-c619000 elementor-widget__width-inherit elementor-widget-tablet__width-inherit elementor-widget elementor-widget-text-editor\" data-id=\"c619000\" data-element_type=\"widget\" data-widget_type=\"text-editor.default\">\n\t\t\t\t<div class=\"elementor-widget-container\">\n\t\t\t\t\t\t\t\t\t<p>Imp\u00f4t sur le revenu des personnes physiques<br>Imp\u00f4t sur le revenu des soci\u00e9t\u00e9s<br>TVA<\/p>\t\t\t\t\t\t\t\t<\/div>\n\t\t\t\t<\/div>\n\t\t\t\t<div class=\"elementor-element elementor-element-3703549 elementor-absolute elementor-view-default elementor-widget elementor-widget-icon\" data-id=\"3703549\" data-element_type=\"widget\" data-settings=\"{&quot;_position&quot;:&quot;absolute&quot;}\" data-widget_type=\"icon.default\">\n\t\t\t\t<div class=\"elementor-widget-container\">\n\t\t\t\t\t\t\t<div class=\"elementor-icon-wrapper\">\n\t\t\t<div class=\"elementor-icon\">\n\t\t\t<svg xmlns=\"http:\/\/www.w3.org\/2000\/svg\" width=\"32.121\" height=\"32.121\" viewBox=\"0 0 32.121 32.121\"><path id=\"Icon_akar-search\" data-name=\"Icon akar-search\" d=\"M31.5,31.5l-6.729-6.741M28.5,15.75A12.75,12.75,0,1,1,15.75,3,12.75,12.75,0,0,1,28.5,15.75Z\" transform=\"translate(-1.5 -1.5)\" fill=\"none\" stroke=\"#fcffef\" stroke-linecap=\"round\" stroke-width=\"3\" opacity=\"0.995\"><\/path><\/svg>\t\t\t<\/div>\n\t\t<\/div>\n\t\t\t\t\t\t<\/div>\n\t\t\t\t<\/div>\n\t\t\t\t<\/div>\n\t\t\t\t<\/a>\n\t\t<a class=\"elementor-element elementor-element-5433754 e-con-full e-flex e-con e-child\" data-id=\"5433754\" data-element_type=\"container\" data-settings=\"{&quot;background_background&quot;:&quot;classic&quot;}\" href=\"https:\/\/accal.abako.be\/reporting-for-financial-institutions\/\">\n\t\t\t\t<div class=\"elementor-element elementor-element-23ad388 elementor-widget__width-initial elementor-widget elementor-widget-heading\" data-id=\"23ad388\" data-element_type=\"widget\" data-widget_type=\"heading.default\">\n\t\t\t\t<div class=\"elementor-widget-container\">\n\t\t\t\t\t<h3 class=\"elementor-heading-title elementor-size-default\">Rapports pour les institutions financi\u00e8res<\/h3>\t\t\t\t<\/div>\n\t\t\t\t<\/div>\n\t\t<div class=\"elementor-element elementor-element-aecfe3b e-con-full service-hover e-flex e-con e-child\" data-id=\"aecfe3b\" data-element_type=\"container\" data-settings=\"{&quot;background_background&quot;:&quot;classic&quot;,&quot;position&quot;:&quot;absolute&quot;}\">\n\t\t\t\t<div class=\"elementor-element elementor-element-fe85f6e elementor-widget__width-inherit elementor-widget-tablet__width-inherit elementor-widget elementor-widget-text-editor\" data-id=\"fe85f6e\" data-element_type=\"widget\" data-widget_type=\"text-editor.default\">\n\t\t\t\t<div class=\"elementor-widget-container\">\n\t\t\t\t\t\t\t\t\t<p>Fonction d&rsquo;audit interne<br>Rapport mensuel \u00e0 la BNB, \u00e0 la FSMA et \u00e0 la BCE<br>Rapport mensuel \u00e0 la BECRIS<\/p>\t\t\t\t\t\t\t\t<\/div>\n\t\t\t\t<\/div>\n\t\t\t\t<div class=\"elementor-element elementor-element-1bc3ae9 elementor-absolute elementor-view-default elementor-widget elementor-widget-icon\" data-id=\"1bc3ae9\" data-element_type=\"widget\" data-settings=\"{&quot;_position&quot;:&quot;absolute&quot;}\" data-widget_type=\"icon.default\">\n\t\t\t\t<div class=\"elementor-widget-container\">\n\t\t\t\t\t\t\t<div class=\"elementor-icon-wrapper\">\n\t\t\t<div class=\"elementor-icon\">\n\t\t\t<svg xmlns=\"http:\/\/www.w3.org\/2000\/svg\" width=\"32.121\" height=\"32.121\" viewBox=\"0 0 32.121 32.121\"><path id=\"Icon_akar-search\" data-name=\"Icon akar-search\" d=\"M31.5,31.5l-6.729-6.741M28.5,15.75A12.75,12.75,0,1,1,15.75,3,12.75,12.75,0,0,1,28.5,15.75Z\" transform=\"translate(-1.5 -1.5)\" fill=\"none\" stroke=\"#fcffef\" stroke-linecap=\"round\" stroke-width=\"3\" opacity=\"0.995\"><\/path><\/svg>\t\t\t<\/div>\n\t\t<\/div>\n\t\t\t\t\t\t<\/div>\n\t\t\t\t<\/div>\n\t\t\t\t<\/div>\n\t\t\t\t<\/a>\n\t\t\t\t<\/div>\n\t\t\t\t<\/div>\n\t\t","protected":false},"excerpt":{"rendered":"<p>Comptabilit\u00e9 Soci\u00e9t\u00e9s de gestion La soci\u00e9t\u00e9 de gestion ou soci\u00e9t\u00e9 patrimoniale est fortement ax\u00e9e sur la fiscalit\u00e9 et repr\u00e9sente une symbiose entre la planification financi\u00e8re et la fiscalit\u00e9. Notre \u00e9quipe a des ann\u00e9es d&rsquo;exp\u00e9rience dans le d\u00e9marrage, la transformation et la liquidation de ces entreprises. Ensemble, nous r\u00e9pondons aux questions les plus courantes : Travailler [&hellip;]<\/p>\n","protected":false},"author":4,"featured_media":0,"parent":0,"menu_order":0,"comment_status":"closed","ping_status":"closed","template":"","meta":{"footnotes":""},"class_list":["post-868","page","type-page","status-publish","hentry"],"yoast_head":"<!-- This site is optimized with the Yoast SEO plugin v24.7 - https:\/\/yoast.com\/wordpress\/plugins\/seo\/ -->\n<title>Comptabilit\u00e9 - Accal<\/title>\n<meta name=\"robots\" content=\"noindex, follow, max-snippet:-1, max-image-preview:large, max-video-preview:-1\" \/>\n<meta property=\"og:locale\" content=\"fr_FR\" \/>\n<meta property=\"og:type\" content=\"article\" \/>\n<meta property=\"og:title\" content=\"Comptabilit\u00e9 - Accal\" \/>\n<meta property=\"og:description\" content=\"Comptabilit\u00e9 Soci\u00e9t\u00e9s de gestion La soci\u00e9t\u00e9 de gestion ou soci\u00e9t\u00e9 patrimoniale est fortement ax\u00e9e sur la fiscalit\u00e9 et repr\u00e9sente une symbiose entre la planification financi\u00e8re et la fiscalit\u00e9. Notre \u00e9quipe a des ann\u00e9es d&rsquo;exp\u00e9rience dans le d\u00e9marrage, la transformation et la liquidation de ces entreprises. Ensemble, nous r\u00e9pondons aux questions les plus courantes : Travailler [&hellip;]\" \/>\n<meta property=\"og:url\" content=\"https:\/\/accal.abako.be\/fr\/comptabilite\/\" \/>\n<meta property=\"og:site_name\" content=\"Accal\" \/>\n<meta property=\"article:modified_time\" content=\"2025-03-20T13:51:17+00:00\" \/>\n<meta name=\"twitter:card\" content=\"summary_large_image\" \/>\n<meta name=\"twitter:label1\" content=\"Dur\u00e9e de lecture estim\u00e9e\" \/>\n\t<meta name=\"twitter:data1\" content=\"5 minutes\" \/>\n<script type=\"application\/ld+json\" class=\"yoast-schema-graph\">{\"@context\":\"https:\/\/schema.org\",\"@graph\":[{\"@type\":\"WebPage\",\"@id\":\"https:\/\/accal.abako.be\/fr\/comptabilite\/\",\"url\":\"https:\/\/accal.abako.be\/fr\/comptabilite\/\",\"name\":\"Comptabilit\u00e9 - Accal\",\"isPartOf\":{\"@id\":\"https:\/\/accal.abako.be\/fr\/#website\"},\"datePublished\":\"2025-03-14T10:48:14+00:00\",\"dateModified\":\"2025-03-20T13:51:17+00:00\",\"breadcrumb\":{\"@id\":\"https:\/\/accal.abako.be\/fr\/comptabilite\/#breadcrumb\"},\"inLanguage\":\"fr-FR\",\"potentialAction\":[{\"@type\":\"ReadAction\",\"target\":[\"https:\/\/accal.abako.be\/fr\/comptabilite\/\"]}]},{\"@type\":\"BreadcrumbList\",\"@id\":\"https:\/\/accal.abako.be\/fr\/comptabilite\/#breadcrumb\",\"itemListElement\":[{\"@type\":\"ListItem\",\"position\":1,\"name\":\"Home\",\"item\":\"https:\/\/accal.abako.be\/fr\/\"},{\"@type\":\"ListItem\",\"position\":2,\"name\":\"Comptabilit\u00e9\"}]},{\"@type\":\"WebSite\",\"@id\":\"https:\/\/accal.abako.be\/fr\/#website\",\"url\":\"https:\/\/accal.abako.be\/fr\/\",\"name\":\"Accal\",\"description\":\"\",\"publisher\":{\"@id\":\"https:\/\/accal.abako.be\/fr\/#organization\"},\"potentialAction\":[{\"@type\":\"SearchAction\",\"target\":{\"@type\":\"EntryPoint\",\"urlTemplate\":\"https:\/\/accal.abako.be\/fr\/?s={search_term_string}\"},\"query-input\":{\"@type\":\"PropertyValueSpecification\",\"valueRequired\":true,\"valueName\":\"search_term_string\"}}],\"inLanguage\":\"fr-FR\"},{\"@type\":\"Organization\",\"@id\":\"https:\/\/accal.abako.be\/fr\/#organization\",\"name\":\"Accal\",\"url\":\"https:\/\/accal.abako.be\/fr\/\",\"logo\":{\"@type\":\"ImageObject\",\"inLanguage\":\"fr-FR\",\"@id\":\"https:\/\/accal.abako.be\/fr\/#\/schema\/logo\/image\/\",\"url\":\"https:\/\/accal.abako.be\/wp-content\/uploads\/2022\/07\/Group-9.svg\",\"contentUrl\":\"https:\/\/accal.abako.be\/wp-content\/uploads\/2022\/07\/Group-9.svg\",\"width\":288,\"height\":124,\"caption\":\"Accal\"},\"image\":{\"@id\":\"https:\/\/accal.abako.be\/fr\/#\/schema\/logo\/image\/\"}}]}<\/script>\n<!-- \/ Yoast SEO plugin. -->","yoast_head_json":{"title":"Comptabilit\u00e9 - Accal","robots":{"index":"noindex","follow":"follow","max-snippet":"max-snippet:-1","max-image-preview":"max-image-preview:large","max-video-preview":"max-video-preview:-1"},"og_locale":"fr_FR","og_type":"article","og_title":"Comptabilit\u00e9 - Accal","og_description":"Comptabilit\u00e9 Soci\u00e9t\u00e9s de gestion La soci\u00e9t\u00e9 de gestion ou soci\u00e9t\u00e9 patrimoniale est fortement ax\u00e9e sur la fiscalit\u00e9 et repr\u00e9sente une symbiose entre la planification financi\u00e8re et la fiscalit\u00e9. Notre \u00e9quipe a des ann\u00e9es d&rsquo;exp\u00e9rience dans le d\u00e9marrage, la transformation et la liquidation de ces entreprises. Ensemble, nous r\u00e9pondons aux questions les plus courantes : Travailler [&hellip;]","og_url":"https:\/\/accal.abako.be\/fr\/comptabilite\/","og_site_name":"Accal","article_modified_time":"2025-03-20T13:51:17+00:00","twitter_card":"summary_large_image","twitter_misc":{"Dur\u00e9e de lecture estim\u00e9e":"5 minutes"},"schema":{"@context":"https:\/\/schema.org","@graph":[{"@type":"WebPage","@id":"https:\/\/accal.abako.be\/fr\/comptabilite\/","url":"https:\/\/accal.abako.be\/fr\/comptabilite\/","name":"Comptabilit\u00e9 - Accal","isPartOf":{"@id":"https:\/\/accal.abako.be\/fr\/#website"},"datePublished":"2025-03-14T10:48:14+00:00","dateModified":"2025-03-20T13:51:17+00:00","breadcrumb":{"@id":"https:\/\/accal.abako.be\/fr\/comptabilite\/#breadcrumb"},"inLanguage":"fr-FR","potentialAction":[{"@type":"ReadAction","target":["https:\/\/accal.abako.be\/fr\/comptabilite\/"]}]},{"@type":"BreadcrumbList","@id":"https:\/\/accal.abako.be\/fr\/comptabilite\/#breadcrumb","itemListElement":[{"@type":"ListItem","position":1,"name":"Home","item":"https:\/\/accal.abako.be\/fr\/"},{"@type":"ListItem","position":2,"name":"Comptabilit\u00e9"}]},{"@type":"WebSite","@id":"https:\/\/accal.abako.be\/fr\/#website","url":"https:\/\/accal.abako.be\/fr\/","name":"Accal","description":"","publisher":{"@id":"https:\/\/accal.abako.be\/fr\/#organization"},"potentialAction":[{"@type":"SearchAction","target":{"@type":"EntryPoint","urlTemplate":"https:\/\/accal.abako.be\/fr\/?s={search_term_string}"},"query-input":{"@type":"PropertyValueSpecification","valueRequired":true,"valueName":"search_term_string"}}],"inLanguage":"fr-FR"},{"@type":"Organization","@id":"https:\/\/accal.abako.be\/fr\/#organization","name":"Accal","url":"https:\/\/accal.abako.be\/fr\/","logo":{"@type":"ImageObject","inLanguage":"fr-FR","@id":"https:\/\/accal.abako.be\/fr\/#\/schema\/logo\/image\/","url":"https:\/\/accal.abako.be\/wp-content\/uploads\/2022\/07\/Group-9.svg","contentUrl":"https:\/\/accal.abako.be\/wp-content\/uploads\/2022\/07\/Group-9.svg","width":288,"height":124,"caption":"Accal"},"image":{"@id":"https:\/\/accal.abako.be\/fr\/#\/schema\/logo\/image\/"}}]}},"_links":{"self":[{"href":"https:\/\/accal.abako.be\/fr\/wp-json\/wp\/v2\/pages\/868","targetHints":{"allow":["GET"]}}],"collection":[{"href":"https:\/\/accal.abako.be\/fr\/wp-json\/wp\/v2\/pages"}],"about":[{"href":"https:\/\/accal.abako.be\/fr\/wp-json\/wp\/v2\/types\/page"}],"author":[{"embeddable":true,"href":"https:\/\/accal.abako.be\/fr\/wp-json\/wp\/v2\/users\/4"}],"replies":[{"embeddable":true,"href":"https:\/\/accal.abako.be\/fr\/wp-json\/wp\/v2\/comments?post=868"}],"version-history":[{"count":1,"href":"https:\/\/accal.abako.be\/fr\/wp-json\/wp\/v2\/pages\/868\/revisions"}],"predecessor-version":[{"id":869,"href":"https:\/\/accal.abako.be\/fr\/wp-json\/wp\/v2\/pages\/868\/revisions\/869"}],"wp:attachment":[{"href":"https:\/\/accal.abako.be\/fr\/wp-json\/wp\/v2\/media?parent=868"}],"curies":[{"name":"wp","href":"https:\/\/api.w.org\/{rel}","templated":true}]}}