{"id":870,"date":"2025-03-14T11:48:25","date_gmt":"2025-03-14T10:48:25","guid":{"rendered":"https:\/\/accal.abako.be\/conseils-fiscaux\/"},"modified":"2025-04-01T15:06:12","modified_gmt":"2025-04-01T14:06:12","slug":"conseils-fiscaux","status":"publish","type":"page","link":"https:\/\/accal.abako.be\/fr\/conseils-fiscaux\/","title":{"rendered":"Conseils fiscaux"},"content":{"rendered":"\t\t<div data-elementor-type=\"wp-page\" data-elementor-id=\"870\" class=\"elementor elementor-870 elementor-533\" data-elementor-post-type=\"page\">\n\t\t\t\t<div class=\"elementor-element elementor-element-bd259df e-flex e-con-boxed e-con e-parent\" data-id=\"bd259df\" data-element_type=\"container\">\n\t\t\t\t\t<div class=\"e-con-inner\">\n\t\t\t\t<div class=\"elementor-element elementor-element-0cd614b elementor-widget elementor-widget-heading\" data-id=\"0cd614b\" data-element_type=\"widget\" data-widget_type=\"heading.default\">\n\t\t\t\t<div class=\"elementor-widget-container\">\n\t\t\t\t\t<h1 class=\"elementor-heading-title elementor-size-default\">Conseils fiscaux<\/h1>\t\t\t\t<\/div>\n\t\t\t\t<\/div>\n\t\t\t\t<div class=\"elementor-element elementor-element-5f95e9d elementor-widget elementor-widget-n-accordion\" data-id=\"5f95e9d\" data-element_type=\"widget\" data-settings=\"{&quot;default_state&quot;:&quot;expanded&quot;,&quot;max_items_expended&quot;:&quot;one&quot;,&quot;n_accordion_animation_duration&quot;:{&quot;unit&quot;:&quot;ms&quot;,&quot;size&quot;:400,&quot;sizes&quot;:[]}}\" data-widget_type=\"nested-accordion.default\">\n\t\t\t\t<div class=\"elementor-widget-container\">\n\t\t\t\t\t\t\t<div class=\"e-n-accordion\" aria-label=\"Accordion. Open links with Enter or Space, close with Escape, and navigate with Arrow Keys\">\n\t\t\t\t\t\t<details id=\"e-n-accordion-item-1000\" class=\"e-n-accordion-item\" open>\n\t\t\t\t<summary class=\"e-n-accordion-item-title\" data-accordion-index=\"1\" tabindex=\"0\" aria-expanded=\"true\" aria-controls=\"e-n-accordion-item-1000\" >\n\t\t\t\t\t<span class='e-n-accordion-item-title-header'><div class=\"e-n-accordion-item-title-text\"> Imp\u00f4t sur le revenu des personnes physiques <\/div><\/span>\n\t\t\t\t\t\t\t<span class='e-n-accordion-item-title-icon'>\n\t\t\t<span class='e-opened' ><i aria-hidden=\"true\" class=\"fas fa-chevron-down\"><\/i><\/span>\n\t\t\t<span class='e-closed'><i aria-hidden=\"true\" class=\"fas fa-chevron-right\"><\/i><\/span>\n\t\t<\/span>\n\n\t\t\t\t\t\t<\/summary>\n\t\t\t\t<div role=\"region\" aria-labelledby=\"e-n-accordion-item-1000\" class=\"elementor-element elementor-element-5b6c481 e-con-full e-flex e-con e-child\" data-id=\"5b6c481\" data-element_type=\"container\">\n\t\t\t\t<div class=\"elementor-element elementor-element-d36267a elementor-widget elementor-widget-text-editor\" data-id=\"d36267a\" data-element_type=\"widget\" data-widget_type=\"text-editor.default\">\n\t\t\t\t<div class=\"elementor-widget-container\">\n\t\t\t\t\t\t\t\t\t<p>La d\u00e9claration d&rsquo;imp\u00f4t sur le revenu des personnes physiques est un service que nous offrons \u00e0 tous nos clients qui sont administrateurs ind\u00e9pendants d&rsquo;une soci\u00e9t\u00e9. Cependant, nous disposons \u00e9galement de l&rsquo;expertise n\u00e9cessaire pour remplir les d\u00e9clarations des salari\u00e9s et des pensionn\u00e9s.<\/p><p>Nous agissons en tant que repr\u00e9sentant autoris\u00e9 sur Tax-on-web et soumettons votre d\u00e9claration en votre nom.<\/p><p>Parmi les points d&rsquo;attention sp\u00e9cifiques, citons la mise \u00e0 jour de la r\u00e9glementation relative \u00e0 la taxe d&rsquo;habitation, l&rsquo;enregistrement des comptes \u00e9trangers aupr\u00e8s de la CAP, le Tax Shelter, et l&rsquo;offre de solutions d&rsquo;optimisation par le biais de l&rsquo;\u00e9pargne retraite, du VAPZ (Voluntary Additional Pension Scheme) et des polices d&rsquo;assurance-vie.<\/p>\t\t\t\t\t\t\t\t<\/div>\n\t\t\t\t<\/div>\n\t\t\t\t<\/div>\n\t\t\t\t\t<\/details>\n\t\t\t\t\t\t<details id=\"e-n-accordion-item-1001\" class=\"e-n-accordion-item\" >\n\t\t\t\t<summary class=\"e-n-accordion-item-title\" data-accordion-index=\"2\" tabindex=\"-1\" aria-expanded=\"false\" aria-controls=\"e-n-accordion-item-1001\" >\n\t\t\t\t\t<span class='e-n-accordion-item-title-header'><div class=\"e-n-accordion-item-title-text\"> Imp\u00f4t sur le revenu des soci\u00e9t\u00e9s <\/div><\/span>\n\t\t\t\t\t\t\t<span class='e-n-accordion-item-title-icon'>\n\t\t\t<span class='e-opened' ><i aria-hidden=\"true\" class=\"fas fa-chevron-down\"><\/i><\/span>\n\t\t\t<span class='e-closed'><i aria-hidden=\"true\" class=\"fas fa-chevron-right\"><\/i><\/span>\n\t\t<\/span>\n\n\t\t\t\t\t\t<\/summary>\n\t\t\t\t<div role=\"region\" aria-labelledby=\"e-n-accordion-item-1001\" class=\"elementor-element elementor-element-c4575c9 e-con-full e-flex e-con e-child\" data-id=\"c4575c9\" data-element_type=\"container\">\n\t\t\t\t<div class=\"elementor-element elementor-element-9f790f1 elementor-widget elementor-widget-text-editor\" data-id=\"9f790f1\" data-element_type=\"widget\" data-widget_type=\"text-editor.default\">\n\t\t\t\t<div class=\"elementor-widget-container\">\n\t\t\t\t\t\t\t\t\t<p>Pour remplir la d\u00e9claration d&rsquo;imp\u00f4t sur les soci\u00e9t\u00e9s, nous soumettons une d\u00e9claration Biztax via Silverfin. Nous remplissons votre d\u00e9claration sur la base de la comptabilit\u00e9 que nous g\u00e9rons ou du bilan que vous nous fournissez.<\/p><p>Nous vous conseillons sur la pr\u00e9paration des comptes annuels et nous nous effor\u00e7ons de travailler de la mani\u00e8re la plus proactive possible afin d&rsquo;\u00e9viter des r\u00e8glements d\u00e9sagr\u00e9ables \u00e0 la fin.<\/p><p>Dans ce domaine, une attention particuli\u00e8re est accord\u00e9e \u00e0 la d\u00e9duction des int\u00e9r\u00eats notionnels, \u00e0 la d\u00e9duction des investissements, \u00e0 la sous-capitalisation et aux r\u00e9serves de liquidation.<\/p>\t\t\t\t\t\t\t\t<\/div>\n\t\t\t\t<\/div>\n\t\t\t\t<\/div>\n\t\t\t\t\t<\/details>\n\t\t\t\t\t\t<details id=\"e-n-accordion-item-1002\" class=\"e-n-accordion-item\" >\n\t\t\t\t<summary class=\"e-n-accordion-item-title\" data-accordion-index=\"3\" tabindex=\"-1\" aria-expanded=\"false\" aria-controls=\"e-n-accordion-item-1002\" >\n\t\t\t\t\t<span class='e-n-accordion-item-title-header'><div class=\"e-n-accordion-item-title-text\"> Obligation de TVA <\/div><\/span>\n\t\t\t\t\t\t\t<span class='e-n-accordion-item-title-icon'>\n\t\t\t<span class='e-opened' ><i aria-hidden=\"true\" class=\"fas fa-chevron-down\"><\/i><\/span>\n\t\t\t<span class='e-closed'><i aria-hidden=\"true\" class=\"fas fa-chevron-right\"><\/i><\/span>\n\t\t<\/span>\n\n\t\t\t\t\t\t<\/summary>\n\t\t\t\t<div role=\"region\" aria-labelledby=\"e-n-accordion-item-1002\" class=\"elementor-element elementor-element-e378597 e-con-full e-flex e-con e-child\" data-id=\"e378597\" data-element_type=\"container\">\n\t\t\t\t<div class=\"elementor-element elementor-element-ae9e6da elementor-widget elementor-widget-text-editor\" data-id=\"ae9e6da\" data-element_type=\"widget\" data-widget_type=\"text-editor.default\">\n\t\t\t\t<div class=\"elementor-widget-container\">\n\t\t\t\t\t\t\t\t\t<p>Nous avons une grande exp\u00e9rience dans la demande de num\u00e9ros de TVA, tant pour les entrepreneurs belges que pour les \u00e9trangers qui deviennent r\u00e9sidents fiscaux en Belgique.<\/p><p>Le remplissage des d\u00e9clarations de TVA se fait automatiquement apr\u00e8s l&rsquo;introduction des factures dans le logiciel de comptabilit\u00e9.<\/p><p>Cependant, nous avons \u00e9galement l&rsquo;exp\u00e9rience de l&rsquo;automatisation et de l&rsquo;\u00e9tablissement de d\u00e9clarations de TVA \u00e0 partir de syst\u00e8mes ERP qui ne sont pas sp\u00e9cifiquement con\u00e7us pour la l\u00e9gislation belge.<\/p><p>En outre, nous nous effor\u00e7ons de fournir \u00e0 nos clients des informations suffisantes concernant les possibilit\u00e9s de cr\u00e9ation d&rsquo;un groupe TVA, l&rsquo;application de la TVA sur les voitures de soci\u00e9t\u00e9, etc.<\/p>\t\t\t\t\t\t\t\t<\/div>\n\t\t\t\t<\/div>\n\t\t\t\t<\/div>\n\t\t\t\t\t<\/details>\n\t\t\t\t\t<\/div>\n\t\t\t\t\t\t<\/div>\n\t\t\t\t<\/div>\n\t\t\t\t\t<\/div>\n\t\t\t\t<\/div>\n\t\t<div class=\"elementor-element elementor-element-0dd06d3 e-grid e-con-full services e-con e-parent\" data-id=\"0dd06d3\" data-element_type=\"container\">\n\t\t<a class=\"elementor-element elementor-element-419b844 e-con-full e-flex e-con e-child\" data-id=\"419b844\" data-element_type=\"container\" data-settings=\"{&quot;background_background&quot;:&quot;classic&quot;}\" href=\"https:\/\/accal.abako.be\/audit\/\">\n\t\t\t\t<div class=\"elementor-element elementor-element-c1ec071 elementor-widget__width-initial elementor-widget elementor-widget-heading\" data-id=\"c1ec071\" data-element_type=\"widget\" data-widget_type=\"heading.default\">\n\t\t\t\t<div class=\"elementor-widget-container\">\n\t\t\t\t\t<h3 class=\"elementor-heading-title elementor-size-default\">Audit<\/h3>\t\t\t\t<\/div>\n\t\t\t\t<\/div>\n\t\t<div class=\"elementor-element elementor-element-4d236d9 e-con-full service-hover e-flex e-con e-child\" data-id=\"4d236d9\" data-element_type=\"container\" data-settings=\"{&quot;background_background&quot;:&quot;classic&quot;,&quot;position&quot;:&quot;absolute&quot;}\">\n\t\t\t\t<div class=\"elementor-element elementor-element-c0b49a9 elementor-widget__width-inherit elementor-widget-tablet__width-inherit elementor-widget elementor-widget-text-editor\" data-id=\"c0b49a9\" data-element_type=\"widget\" data-widget_type=\"text-editor.default\">\n\t\t\t\t<div class=\"elementor-widget-container\">\n\t\t\t\t\t\t\t\t\t<p>Contr\u00f4le l\u00e9gal des comptes<br>Apports en nature et quasi-apports<br>Conversions de forme juridique<br>Fusions et scissions<br>ISRS 4400<br>Liquidations<br>\u00c9valuations<br>Acquisitions<\/p>\t\t\t\t\t\t\t\t<\/div>\n\t\t\t\t<\/div>\n\t\t\t\t<div class=\"elementor-element elementor-element-bf56846 elementor-absolute elementor-view-default elementor-widget elementor-widget-icon\" data-id=\"bf56846\" data-element_type=\"widget\" data-settings=\"{&quot;_position&quot;:&quot;absolute&quot;}\" data-widget_type=\"icon.default\">\n\t\t\t\t<div class=\"elementor-widget-container\">\n\t\t\t\t\t\t\t<div class=\"elementor-icon-wrapper\">\n\t\t\t<div class=\"elementor-icon\">\n\t\t\t<svg xmlns=\"http:\/\/www.w3.org\/2000\/svg\" width=\"32.121\" height=\"32.121\" viewBox=\"0 0 32.121 32.121\"><path id=\"Icon_akar-search\" data-name=\"Icon akar-search\" d=\"M31.5,31.5l-6.729-6.741M28.5,15.75A12.75,12.75,0,1,1,15.75,3,12.75,12.75,0,0,1,28.5,15.75Z\" transform=\"translate(-1.5 -1.5)\" fill=\"none\" stroke=\"#fcffef\" stroke-linecap=\"round\" stroke-width=\"3\" opacity=\"0.995\"><\/path><\/svg>\t\t\t<\/div>\n\t\t<\/div>\n\t\t\t\t\t\t<\/div>\n\t\t\t\t<\/div>\n\t\t\t\t<\/div>\n\t\t\t\t<\/a>\n\t\t<a class=\"elementor-element elementor-element-2697bab e-con-full e-flex e-con e-child\" data-id=\"2697bab\" data-element_type=\"container\" data-settings=\"{&quot;background_background&quot;:&quot;classic&quot;}\" href=\"https:\/\/accal.abako.be\/accounting\/\">\n\t\t\t\t<div class=\"elementor-element elementor-element-e5d9e4f elementor-widget__width-initial elementor-widget elementor-widget-heading\" data-id=\"e5d9e4f\" data-element_type=\"widget\" data-widget_type=\"heading.default\">\n\t\t\t\t<div class=\"elementor-widget-container\">\n\t\t\t\t\t<h3 class=\"elementor-heading-title elementor-size-default\">Comptabilit\u00e9<\/h3>\t\t\t\t<\/div>\n\t\t\t\t<\/div>\n\t\t<div class=\"elementor-element elementor-element-5b6a3b3 e-con-full service-hover e-flex e-con e-child\" data-id=\"5b6a3b3\" data-element_type=\"container\" data-settings=\"{&quot;background_background&quot;:&quot;classic&quot;,&quot;position&quot;:&quot;absolute&quot;}\">\n\t\t\t\t<div class=\"elementor-element elementor-element-b324741 elementor-widget__width-inherit elementor-widget-tablet__width-inherit elementor-widget elementor-widget-text-editor\" data-id=\"b324741\" data-element_type=\"widget\" data-widget_type=\"text-editor.default\">\n\t\t\t\t<div class=\"elementor-widget-container\">\n\t\t\t\t\t\t\t\t\t<p>Soci\u00e9t\u00e9s commerciales<br>Soci\u00e9t\u00e9s de services personnels<br>Pr\u00e9paration des \u00e9tats financiers<\/p>\t\t\t\t\t\t\t\t<\/div>\n\t\t\t\t<\/div>\n\t\t\t\t<div class=\"elementor-element elementor-element-13930df elementor-absolute elementor-view-default elementor-widget elementor-widget-icon\" data-id=\"13930df\" data-element_type=\"widget\" data-settings=\"{&quot;_position&quot;:&quot;absolute&quot;}\" data-widget_type=\"icon.default\">\n\t\t\t\t<div class=\"elementor-widget-container\">\n\t\t\t\t\t\t\t<div class=\"elementor-icon-wrapper\">\n\t\t\t<div class=\"elementor-icon\">\n\t\t\t<svg xmlns=\"http:\/\/www.w3.org\/2000\/svg\" width=\"32.121\" height=\"32.121\" viewBox=\"0 0 32.121 32.121\"><path id=\"Icon_akar-search\" data-name=\"Icon akar-search\" d=\"M31.5,31.5l-6.729-6.741M28.5,15.75A12.75,12.75,0,1,1,15.75,3,12.75,12.75,0,0,1,28.5,15.75Z\" transform=\"translate(-1.5 -1.5)\" fill=\"none\" stroke=\"#fcffef\" stroke-linecap=\"round\" stroke-width=\"3\" opacity=\"0.995\"><\/path><\/svg>\t\t\t<\/div>\n\t\t<\/div>\n\t\t\t\t\t\t<\/div>\n\t\t\t\t<\/div>\n\t\t\t\t<\/div>\n\t\t\t\t<\/a>\n\t\t<a class=\"elementor-element elementor-element-ff2f26b e-con-full e-flex e-con e-child\" data-id=\"ff2f26b\" data-element_type=\"container\" data-settings=\"{&quot;background_background&quot;:&quot;classic&quot;}\" href=\"https:\/\/accal.abako.be\/tax-advice\/\">\n\t\t\t\t<div class=\"elementor-element elementor-element-d3f34a7 elementor-widget__width-initial elementor-widget elementor-widget-heading\" data-id=\"d3f34a7\" data-element_type=\"widget\" data-widget_type=\"heading.default\">\n\t\t\t\t<div class=\"elementor-widget-container\">\n\t\t\t\t\t<h3 class=\"elementor-heading-title elementor-size-default\">Conseils fiscaux<\/h3>\t\t\t\t<\/div>\n\t\t\t\t<\/div>\n\t\t<div class=\"elementor-element elementor-element-86e5ed5 e-con-full service-hover e-flex e-con e-child\" data-id=\"86e5ed5\" data-element_type=\"container\" data-settings=\"{&quot;background_background&quot;:&quot;classic&quot;,&quot;position&quot;:&quot;absolute&quot;}\">\n\t\t\t\t<div class=\"elementor-element elementor-element-0e7950b elementor-widget__width-inherit elementor-widget-tablet__width-inherit elementor-widget elementor-widget-text-editor\" data-id=\"0e7950b\" data-element_type=\"widget\" data-widget_type=\"text-editor.default\">\n\t\t\t\t<div class=\"elementor-widget-container\">\n\t\t\t\t\t\t\t\t\t<p>Imp\u00f4t sur le revenu des personnes physiques<br>Imp\u00f4t sur le revenu des soci\u00e9t\u00e9s<br>TVA<\/p>\t\t\t\t\t\t\t\t<\/div>\n\t\t\t\t<\/div>\n\t\t\t\t<div class=\"elementor-element elementor-element-c17c329 elementor-absolute elementor-view-default elementor-widget elementor-widget-icon\" data-id=\"c17c329\" data-element_type=\"widget\" data-settings=\"{&quot;_position&quot;:&quot;absolute&quot;}\" data-widget_type=\"icon.default\">\n\t\t\t\t<div class=\"elementor-widget-container\">\n\t\t\t\t\t\t\t<div class=\"elementor-icon-wrapper\">\n\t\t\t<div class=\"elementor-icon\">\n\t\t\t<svg xmlns=\"http:\/\/www.w3.org\/2000\/svg\" width=\"32.121\" height=\"32.121\" viewBox=\"0 0 32.121 32.121\"><path id=\"Icon_akar-search\" data-name=\"Icon akar-search\" d=\"M31.5,31.5l-6.729-6.741M28.5,15.75A12.75,12.75,0,1,1,15.75,3,12.75,12.75,0,0,1,28.5,15.75Z\" transform=\"translate(-1.5 -1.5)\" fill=\"none\" stroke=\"#fcffef\" stroke-linecap=\"round\" stroke-width=\"3\" opacity=\"0.995\"><\/path><\/svg>\t\t\t<\/div>\n\t\t<\/div>\n\t\t\t\t\t\t<\/div>\n\t\t\t\t<\/div>\n\t\t\t\t<\/div>\n\t\t\t\t<\/a>\n\t\t<a class=\"elementor-element elementor-element-d084f03 e-con-full e-flex e-con e-child\" data-id=\"d084f03\" data-element_type=\"container\" data-settings=\"{&quot;background_background&quot;:&quot;classic&quot;}\" href=\"https:\/\/accal.abako.be\/reporting-for-financial-institutions\/\">\n\t\t\t\t<div class=\"elementor-element elementor-element-faa273d elementor-widget__width-initial elementor-widget elementor-widget-heading\" data-id=\"faa273d\" data-element_type=\"widget\" data-widget_type=\"heading.default\">\n\t\t\t\t<div class=\"elementor-widget-container\">\n\t\t\t\t\t<h3 class=\"elementor-heading-title elementor-size-default\">Rapports pour les institutions financi\u00e8res<\/h3>\t\t\t\t<\/div>\n\t\t\t\t<\/div>\n\t\t<div class=\"elementor-element elementor-element-f2b225b e-con-full service-hover e-flex e-con e-child\" data-id=\"f2b225b\" data-element_type=\"container\" data-settings=\"{&quot;background_background&quot;:&quot;classic&quot;,&quot;position&quot;:&quot;absolute&quot;}\">\n\t\t\t\t<div class=\"elementor-element elementor-element-7a1f08e elementor-widget__width-inherit elementor-widget-tablet__width-inherit elementor-widget elementor-widget-text-editor\" data-id=\"7a1f08e\" data-element_type=\"widget\" data-widget_type=\"text-editor.default\">\n\t\t\t\t<div class=\"elementor-widget-container\">\n\t\t\t\t\t\t\t\t\t<p>Fonction d&rsquo;audit interne<br>Rapport mensuel \u00e0 la BNB, \u00e0 la FSMA et \u00e0 la BCE<br>Rapport mensuel \u00e0 la BECRIS<\/p>\t\t\t\t\t\t\t\t<\/div>\n\t\t\t\t<\/div>\n\t\t\t\t<div class=\"elementor-element elementor-element-c9c0a68 elementor-absolute elementor-view-default elementor-widget elementor-widget-icon\" data-id=\"c9c0a68\" data-element_type=\"widget\" data-settings=\"{&quot;_position&quot;:&quot;absolute&quot;}\" data-widget_type=\"icon.default\">\n\t\t\t\t<div class=\"elementor-widget-container\">\n\t\t\t\t\t\t\t<div class=\"elementor-icon-wrapper\">\n\t\t\t<div class=\"elementor-icon\">\n\t\t\t<svg xmlns=\"http:\/\/www.w3.org\/2000\/svg\" width=\"32.121\" height=\"32.121\" viewBox=\"0 0 32.121 32.121\"><path id=\"Icon_akar-search\" data-name=\"Icon akar-search\" d=\"M31.5,31.5l-6.729-6.741M28.5,15.75A12.75,12.75,0,1,1,15.75,3,12.75,12.75,0,0,1,28.5,15.75Z\" transform=\"translate(-1.5 -1.5)\" fill=\"none\" stroke=\"#fcffef\" stroke-linecap=\"round\" stroke-width=\"3\" opacity=\"0.995\"><\/path><\/svg>\t\t\t<\/div>\n\t\t<\/div>\n\t\t\t\t\t\t<\/div>\n\t\t\t\t<\/div>\n\t\t\t\t<\/div>\n\t\t\t\t<\/a>\n\t\t\t\t<\/div>\n\t\t\t\t<\/div>\n\t\t","protected":false},"excerpt":{"rendered":"<p>Conseils fiscaux Imp\u00f4t sur le revenu des personnes physiques La d\u00e9claration d&rsquo;imp\u00f4t sur le revenu des personnes physiques est un service que nous offrons \u00e0 tous nos clients qui sont administrateurs ind\u00e9pendants d&rsquo;une soci\u00e9t\u00e9. Cependant, nous disposons \u00e9galement de l&rsquo;expertise n\u00e9cessaire pour remplir les d\u00e9clarations des salari\u00e9s et des pensionn\u00e9s. Nous agissons en tant que [&hellip;]<\/p>\n","protected":false},"author":4,"featured_media":0,"parent":0,"menu_order":0,"comment_status":"closed","ping_status":"closed","template":"","meta":{"footnotes":""},"class_list":["post-870","page","type-page","status-publish","hentry"],"yoast_head":"<!-- This site is optimized with the Yoast SEO plugin v24.7 - https:\/\/yoast.com\/wordpress\/plugins\/seo\/ -->\n<title>Conseils fiscaux - Accal<\/title>\n<meta name=\"robots\" content=\"noindex, follow, max-snippet:-1, max-image-preview:large, max-video-preview:-1\" \/>\n<meta property=\"og:locale\" content=\"fr_FR\" \/>\n<meta property=\"og:type\" content=\"article\" \/>\n<meta property=\"og:title\" content=\"Conseils fiscaux - Accal\" \/>\n<meta property=\"og:description\" content=\"Conseils fiscaux Imp\u00f4t sur le revenu des personnes physiques La d\u00e9claration d&rsquo;imp\u00f4t sur le revenu des personnes physiques est un service que nous offrons \u00e0 tous nos clients qui sont administrateurs ind\u00e9pendants d&rsquo;une soci\u00e9t\u00e9. Cependant, nous disposons \u00e9galement de l&rsquo;expertise n\u00e9cessaire pour remplir les d\u00e9clarations des salari\u00e9s et des pensionn\u00e9s. Nous agissons en tant que [&hellip;]\" \/>\n<meta property=\"og:url\" content=\"https:\/\/accal.abako.be\/fr\/conseils-fiscaux\/\" \/>\n<meta property=\"og:site_name\" content=\"Accal\" \/>\n<meta property=\"article:modified_time\" content=\"2025-04-01T14:06:12+00:00\" \/>\n<meta name=\"twitter:card\" content=\"summary_large_image\" \/>\n<meta name=\"twitter:label1\" content=\"Dur\u00e9e de lecture estim\u00e9e\" \/>\n\t<meta name=\"twitter:data1\" content=\"4 minutes\" \/>\n<script type=\"application\/ld+json\" class=\"yoast-schema-graph\">{\"@context\":\"https:\/\/schema.org\",\"@graph\":[{\"@type\":\"WebPage\",\"@id\":\"https:\/\/accal.abako.be\/fr\/conseils-fiscaux\/\",\"url\":\"https:\/\/accal.abako.be\/fr\/conseils-fiscaux\/\",\"name\":\"Conseils fiscaux - Accal\",\"isPartOf\":{\"@id\":\"https:\/\/accal.abako.be\/fr\/#website\"},\"datePublished\":\"2025-03-14T10:48:25+00:00\",\"dateModified\":\"2025-04-01T14:06:12+00:00\",\"breadcrumb\":{\"@id\":\"https:\/\/accal.abako.be\/fr\/conseils-fiscaux\/#breadcrumb\"},\"inLanguage\":\"fr-FR\",\"potentialAction\":[{\"@type\":\"ReadAction\",\"target\":[\"https:\/\/accal.abako.be\/fr\/conseils-fiscaux\/\"]}]},{\"@type\":\"BreadcrumbList\",\"@id\":\"https:\/\/accal.abako.be\/fr\/conseils-fiscaux\/#breadcrumb\",\"itemListElement\":[{\"@type\":\"ListItem\",\"position\":1,\"name\":\"Home\",\"item\":\"https:\/\/accal.abako.be\/fr\/\"},{\"@type\":\"ListItem\",\"position\":2,\"name\":\"Conseils fiscaux\"}]},{\"@type\":\"WebSite\",\"@id\":\"https:\/\/accal.abako.be\/fr\/#website\",\"url\":\"https:\/\/accal.abako.be\/fr\/\",\"name\":\"Accal\",\"description\":\"\",\"publisher\":{\"@id\":\"https:\/\/accal.abako.be\/fr\/#organization\"},\"potentialAction\":[{\"@type\":\"SearchAction\",\"target\":{\"@type\":\"EntryPoint\",\"urlTemplate\":\"https:\/\/accal.abako.be\/fr\/?s={search_term_string}\"},\"query-input\":{\"@type\":\"PropertyValueSpecification\",\"valueRequired\":true,\"valueName\":\"search_term_string\"}}],\"inLanguage\":\"fr-FR\"},{\"@type\":\"Organization\",\"@id\":\"https:\/\/accal.abako.be\/fr\/#organization\",\"name\":\"Accal\",\"url\":\"https:\/\/accal.abako.be\/fr\/\",\"logo\":{\"@type\":\"ImageObject\",\"inLanguage\":\"fr-FR\",\"@id\":\"https:\/\/accal.abako.be\/fr\/#\/schema\/logo\/image\/\",\"url\":\"https:\/\/accal.abako.be\/wp-content\/uploads\/2022\/07\/Group-9.svg\",\"contentUrl\":\"https:\/\/accal.abako.be\/wp-content\/uploads\/2022\/07\/Group-9.svg\",\"width\":288,\"height\":124,\"caption\":\"Accal\"},\"image\":{\"@id\":\"https:\/\/accal.abako.be\/fr\/#\/schema\/logo\/image\/\"}}]}<\/script>\n<!-- \/ Yoast SEO plugin. -->","yoast_head_json":{"title":"Conseils fiscaux - Accal","robots":{"index":"noindex","follow":"follow","max-snippet":"max-snippet:-1","max-image-preview":"max-image-preview:large","max-video-preview":"max-video-preview:-1"},"og_locale":"fr_FR","og_type":"article","og_title":"Conseils fiscaux - Accal","og_description":"Conseils fiscaux Imp\u00f4t sur le revenu des personnes physiques La d\u00e9claration d&rsquo;imp\u00f4t sur le revenu des personnes physiques est un service que nous offrons \u00e0 tous nos clients qui sont administrateurs ind\u00e9pendants d&rsquo;une soci\u00e9t\u00e9. Cependant, nous disposons \u00e9galement de l&rsquo;expertise n\u00e9cessaire pour remplir les d\u00e9clarations des salari\u00e9s et des pensionn\u00e9s. Nous agissons en tant que [&hellip;]","og_url":"https:\/\/accal.abako.be\/fr\/conseils-fiscaux\/","og_site_name":"Accal","article_modified_time":"2025-04-01T14:06:12+00:00","twitter_card":"summary_large_image","twitter_misc":{"Dur\u00e9e de lecture estim\u00e9e":"4 minutes"},"schema":{"@context":"https:\/\/schema.org","@graph":[{"@type":"WebPage","@id":"https:\/\/accal.abako.be\/fr\/conseils-fiscaux\/","url":"https:\/\/accal.abako.be\/fr\/conseils-fiscaux\/","name":"Conseils fiscaux - Accal","isPartOf":{"@id":"https:\/\/accal.abako.be\/fr\/#website"},"datePublished":"2025-03-14T10:48:25+00:00","dateModified":"2025-04-01T14:06:12+00:00","breadcrumb":{"@id":"https:\/\/accal.abako.be\/fr\/conseils-fiscaux\/#breadcrumb"},"inLanguage":"fr-FR","potentialAction":[{"@type":"ReadAction","target":["https:\/\/accal.abako.be\/fr\/conseils-fiscaux\/"]}]},{"@type":"BreadcrumbList","@id":"https:\/\/accal.abako.be\/fr\/conseils-fiscaux\/#breadcrumb","itemListElement":[{"@type":"ListItem","position":1,"name":"Home","item":"https:\/\/accal.abako.be\/fr\/"},{"@type":"ListItem","position":2,"name":"Conseils fiscaux"}]},{"@type":"WebSite","@id":"https:\/\/accal.abako.be\/fr\/#website","url":"https:\/\/accal.abako.be\/fr\/","name":"Accal","description":"","publisher":{"@id":"https:\/\/accal.abako.be\/fr\/#organization"},"potentialAction":[{"@type":"SearchAction","target":{"@type":"EntryPoint","urlTemplate":"https:\/\/accal.abako.be\/fr\/?s={search_term_string}"},"query-input":{"@type":"PropertyValueSpecification","valueRequired":true,"valueName":"search_term_string"}}],"inLanguage":"fr-FR"},{"@type":"Organization","@id":"https:\/\/accal.abako.be\/fr\/#organization","name":"Accal","url":"https:\/\/accal.abako.be\/fr\/","logo":{"@type":"ImageObject","inLanguage":"fr-FR","@id":"https:\/\/accal.abako.be\/fr\/#\/schema\/logo\/image\/","url":"https:\/\/accal.abako.be\/wp-content\/uploads\/2022\/07\/Group-9.svg","contentUrl":"https:\/\/accal.abako.be\/wp-content\/uploads\/2022\/07\/Group-9.svg","width":288,"height":124,"caption":"Accal"},"image":{"@id":"https:\/\/accal.abako.be\/fr\/#\/schema\/logo\/image\/"}}]}},"_links":{"self":[{"href":"https:\/\/accal.abako.be\/fr\/wp-json\/wp\/v2\/pages\/870","targetHints":{"allow":["GET"]}}],"collection":[{"href":"https:\/\/accal.abako.be\/fr\/wp-json\/wp\/v2\/pages"}],"about":[{"href":"https:\/\/accal.abako.be\/fr\/wp-json\/wp\/v2\/types\/page"}],"author":[{"embeddable":true,"href":"https:\/\/accal.abako.be\/fr\/wp-json\/wp\/v2\/users\/4"}],"replies":[{"embeddable":true,"href":"https:\/\/accal.abako.be\/fr\/wp-json\/wp\/v2\/comments?post=870"}],"version-history":[{"count":1,"href":"https:\/\/accal.abako.be\/fr\/wp-json\/wp\/v2\/pages\/870\/revisions"}],"predecessor-version":[{"id":871,"href":"https:\/\/accal.abako.be\/fr\/wp-json\/wp\/v2\/pages\/870\/revisions\/871"}],"wp:attachment":[{"href":"https:\/\/accal.abako.be\/fr\/wp-json\/wp\/v2\/media?parent=870"}],"curies":[{"name":"wp","href":"https:\/\/api.w.org\/{rel}","templated":true}]}}